{"id":53,"date":"2018-01-12T12:46:43","date_gmt":"2018-01-12T15:46:43","guid":{"rendered":"https:\/\/www.estacaoinformaticahost01.br-web.com\/novacruz\/diariooficial\/index\/?page_id=53"},"modified":"2018-01-12T12:46:43","modified_gmt":"2018-01-12T15:46:43","slug":"publicacoes","status":"publish","type":"page","link":"https:\/\/pedrovelho.rn.gov.br\/diariooficial\/index\/publicacoes\/","title":{"rendered":"Publica\u00e7\u00f5es do Di\u00e1rio Oficial"},"content":{"rendered":"<p>[et_pb_section fb_built=&#8221;1&#8243; _builder_version=&#8221;3.22&#8243;][et_pb_row _builder_version=&#8221;3.25&#8243; background_size=&#8221;initial&#8221; background_position=&#8221;top_left&#8221; background_repeat=&#8221;repeat&#8221;][et_pb_column type=&#8221;4_4&#8243; _builder_version=&#8221;3.25&#8243; custom_padding=&#8221;|||&#8221; custom_padding__hover=&#8221;|||&#8221;][et_pb_blog fullwidth=&#8221;off&#8221; posts_number=&#8221;12&#8243; include_categories=&#8221;1&#8243; _builder_version=&#8221;3.26.3&#8243; show_content=&#8221;on&#8221;][\/et_pb_blog][\/et_pb_column][\/et_pb_row][\/et_pb_section]<\/p>\n","protected":false},"excerpt":{"rendered":"<p>[et_pb_section fb_built=&#8221;1&#8243; _builder_version=&#8221;3.22&#8243;][et_pb_row _builder_version=&#8221;3.25&#8243; background_size=&#8221;initial&#8221; background_position=&#8221;top_left&#8221; background_repeat=&#8221;repeat&#8221;][et_pb_column type=&#8221;4_4&#8243; _builder_version=&#8221;3.25&#8243; custom_padding=&#8221;|||&#8221; custom_padding__hover=&#8221;|||&#8221;][et_pb_blog fullwidth=&#8221;off&#8221; posts_number=&#8221;12&#8243; include_categories=&#8221;1&#8243; _builder_version=&#8221;3.26.3&#8243; show_content=&#8221;on&#8221;][\/et_pb_blog][\/et_pb_column][\/et_pb_row][\/et_pb_section]<\/p>\n","protected":false},"author":1,"featured_media":0,"parent":0,"menu_order":0,"comment_status":"closed","ping_status":"closed","template":"","meta":{"_et_pb_use_builder":"on","_et_pb_old_content":"<p>[vc_row][vc_column][us_blog items=\"\" pagination=\"ajax\" categories=\"sem-categoria\" title_size=\"20px\" show_date=\"1\" show_author=\"1\" show_categories=\"1\" show_tags=\"\" show_comments=\"\" show_read_more=\"\" content_type=\"none\" filter=\"\"][\/vc_column][\/vc_row]<\/p>"},"_links":{"self":[{"href":"https:\/\/pedrovelho.rn.gov.br\/diariooficial\/index\/wp-json\/wp\/v2\/pages\/53"}],"collection":[{"href":"https:\/\/pedrovelho.rn.gov.br\/diariooficial\/index\/wp-json\/wp\/v2\/pages"}],"about":[{"href":"https:\/\/pedrovelho.rn.gov.br\/diariooficial\/index\/wp-json\/wp\/v2\/types\/page"}],"author":[{"embeddable":true,"href":"https:\/\/pedrovelho.rn.gov.br\/diariooficial\/index\/wp-json\/wp\/v2\/users\/1"}],"replies":[{"embeddable":true,"href":"https:\/\/pedrovelho.rn.gov.br\/diariooficial\/index\/wp-json\/wp\/v2\/comments?post=53"}],"version-history":[{"count":0,"href":"https:\/\/pedrovelho.rn.gov.br\/diariooficial\/index\/wp-json\/wp\/v2\/pages\/53\/revisions"}],"wp:attachment":[{"href":"https:\/\/pedrovelho.rn.gov.br\/diariooficial\/index\/wp-json\/wp\/v2\/media?parent=53"}],"curies":[{"name":"wp","href":"https:\/\/api.w.org\/{rel}","templated":true}]}}