{"id":11691,"date":"2021-07-06T19:12:11","date_gmt":"2021-07-06T19:12:11","guid":{"rendered":"https:\/\/pedrovelho.rn.gov.br\/transparente\/index\/?page_id=11691"},"modified":"2021-07-06T19:12:11","modified_gmt":"2021-07-06T19:12:11","slug":"resultado-de-licitacao-frente","status":"publish","type":"page","link":"https:\/\/pedrovelho.rn.gov.br\/transparente\/index\/resultado-de-licitacao-frente\/","title":{"rendered":"Resultado de Licita\u00e7\u00e3o &#8211; Frente"},"content":{"rendered":"<div class=\"pt-cv-wrapper et_smooth_scroll_disabled\"><div class=\"pt-cv-view pt-cv-grid pt-cv-colsys\" id=\"pt-cv-view-dce91bdwi0\"><div data-id=\"pt-cv-page-1\" class=\"pt-cv-page\" data-cvc=\"1\"><div class=\"col-md-12 col-sm-12 col-xs-12 pt-cv-content-item pt-cv-1-col\" ><div class='pt-cv-ifield'><p class=\"pt-cv-title\"><a href=\"https:\/\/pedrovelho.rn.gov.br\/transparente\/index\/aviso-de-resultado-pregao-eletronico-no-0000016-2025\/\" class=\"_self\" target=\"_self\" >AVISO DE RESULTADO \u2013 PREG\u00c3O ELETR\u00d4NICO N\u00ba 0000016\/2025<\/a><\/p><\/div><\/div>\n<div class=\"col-md-12 col-sm-12 col-xs-12 pt-cv-content-item pt-cv-1-col\" ><div class='pt-cv-ifield'><p class=\"pt-cv-title\"><a href=\"https:\/\/pedrovelho.rn.gov.br\/transparente\/index\/resultado-de-julgamento-e-adjudicacao-e-homologacao-do-pregao-eletronico-no-00000022-2024\/\" class=\"_self\" target=\"_self\" >RESULTADO DE JULGAMENTO E ADJUDICA\u00c7\u00c3O E HOMOLOGA\u00c7\u00c3O DO PREG\u00c3O ELETR\u00d4NICO N\u00ba 00000022\/2024<\/a><\/p><\/div><\/div>\n<div class=\"col-md-12 col-sm-12 col-xs-12 pt-cv-content-item pt-cv-1-col\" ><div class='pt-cv-ifield'><p class=\"pt-cv-title\"><a href=\"https:\/\/pedrovelho.rn.gov.br\/transparente\/index\/publicacao-do-resultado-final-de-credenciamento-chamamento-publico-no-001-2023\/\" class=\"_self\" target=\"_self\" >PUBLICA\u00c7\u00c3O DO RESULTADO FINAL DE CREDENCIAMENTO &#8211; CHAMAMENTO P\u00daBLICO N\u00ba 001\/2023<\/a><\/p><\/div><\/div>\n<div class=\"col-md-12 col-sm-12 col-xs-12 pt-cv-content-item pt-cv-1-col\" ><div class='pt-cv-ifield'><p class=\"pt-cv-title\"><a href=\"https:\/\/pedrovelho.rn.gov.br\/transparente\/index\/resultado-final-de-credenciamento-chamamento-publico-no-001-2023\/\" class=\"_self\" target=\"_self\" >RESULTADO FINAL DE CREDENCIAMENTO &#8211; CHAMAMENTO P\u00daBLICO N\u00ba 001\/2023<\/a><\/p><\/div><\/div>\n<div class=\"col-md-12 col-sm-12 col-xs-12 pt-cv-content-item pt-cv-1-col\" ><div class='pt-cv-ifield'><p class=\"pt-cv-title\"><a href=\"https:\/\/pedrovelho.rn.gov.br\/transparente\/index\/resultado-das-habilitacoes-e-projetos-de-venda-chamada-publica-n-002-2023\/\" class=\"_self\" target=\"_self\" >RESULTADO DAS HABILITA\u00c7\u00d5ES E PROJETOS DE VENDA CHAMADA PUBLICA N\u00b0 002\/2023<\/a><\/p><\/div><\/div>\n<div class=\"col-md-12 col-sm-12 col-xs-12 pt-cv-content-item pt-cv-1-col\" ><div class='pt-cv-ifield'><p class=\"pt-cv-title\"><a href=\"https:\/\/pedrovelho.rn.gov.br\/transparente\/index\/resultado-edital-do-credenciamento-no-004-2023\/\" class=\"_self\" target=\"_self\" >RESULTADO &#8211; EDITAL DO CREDENCIAMENTO N\u00ba 004\/2023<\/a><\/p><\/div><\/div>\n<div class=\"col-md-12 col-sm-12 col-xs-12 pt-cv-content-item pt-cv-1-col\" ><div class='pt-cv-ifield'><p class=\"pt-cv-title\"><a href=\"https:\/\/pedrovelho.rn.gov.br\/transparente\/index\/qualificacao-n-02-2023-ata-da-sessao-de-analise-da-qualificacao\/\" class=\"_self\" target=\"_self\" >QUALIFICA\u00c7\u00c3O N\u00b0 02\/2023 &#8211; ATA DA SESS\u00c3O DE AN\u00c1LISE DA QUALIFICA\u00c7\u00c3O<\/a><\/p><\/div><\/div>\n<div class=\"col-md-12 col-sm-12 col-xs-12 pt-cv-content-item pt-cv-1-col\" ><div class='pt-cv-ifield'><p class=\"pt-cv-title\"><a href=\"https:\/\/pedrovelho.rn.gov.br\/transparente\/index\/resultado-das-propostas-da-tomada-de-preco-002-2022\/\" class=\"_self\" target=\"_self\" >RESULTADO DAS PROPOSTAS DA TOMADA DE PRE\u00c7O 002\/2022<\/a><\/p><\/div><\/div>\n<div class=\"col-md-12 col-sm-12 col-xs-12 pt-cv-content-item pt-cv-1-col\" ><div class='pt-cv-ifield'><p class=\"pt-cv-title\"><a href=\"https:\/\/pedrovelho.rn.gov.br\/transparente\/index\/aviso-aos-interessados-resultado-habilitacao-licitacao-tomada-de-preco-03-2022\/\" class=\"_self\" target=\"_self\" >AVISO AOS INTERESSADOS RESULTADO HABILITA\u00c7\u00c3O &#8211; LICITA\u00c7\u00c3O-TOMADA DE PRE\u00c7O 03\/2022<\/a><\/p><\/div><\/div>\n<div class=\"col-md-12 col-sm-12 col-xs-12 pt-cv-content-item pt-cv-1-col\" ><div class='pt-cv-ifield'><p class=\"pt-cv-title\"><a href=\"https:\/\/pedrovelho.rn.gov.br\/transparente\/index\/resultado-licitacao-pregao-eletronico-srp-003-2022\/\" class=\"_self\" target=\"_self\" >RESULTADO LICITA\u00c7\u00c3O PREG\u00c3O ELETR\u00d4NICO SRP 003\/2022<\/a><\/p><\/div><\/div><\/div><\/div>\n<div class=\" pt-cv-pagination-wrapper\"><ul class=\"pt-cv-pagination pt-cv-ajax pagination\" data-totalpages=\"7\" data-currentpage=\"1\" data-sid=\"dce91bdwi0\" data-unid=\"\" data-isblock=\"\" data-postid=\"\"><li class=\"active\"><a href=\"#\">1<\/a><\/li>\n\t<li ><a class=\"\" href=\"https:\/\/pedrovelho.rn.gov.br\/transparente\/index\/wp-json\/wp\/v2\/pages\/11691\/?_page=2\">2<\/a><\/li>\n\t<li ><a class=\"\" href=\"https:\/\/pedrovelho.rn.gov.br\/transparente\/index\/wp-json\/wp\/v2\/pages\/11691\/?_page=3\">3<\/a><\/li>\n\t<li ><a href=\"#\">&hellip;<\/a><\/li>\n\t<li ><a class=\"\" href=\"https:\/\/pedrovelho.rn.gov.br\/transparente\/index\/wp-json\/wp\/v2\/pages\/11691\/?_page=7\">7<\/a><\/li>\n\t<li ><a class=\" \" href=\"https:\/\/pedrovelho.rn.gov.br\/transparente\/index\/wp-json\/wp\/v2\/pages\/11691\/?_page=2\">&rsaquo;<\/a><\/li>\n\t<\/ul><img loading=\"lazy\" decoding=\"async\" width=\"15\" height=\"15\" class=\"pt-cv-spinner\" alt=\"Carregando...;\" src=\"data:image\/gif;base64,R0lGODlhDwAPALMPAMrKygwMDJOTkz09PZWVla+vr3p6euTk5M7OzuXl5TMzMwAAAJmZmWZmZszMzP\/\/\/yH\/C05FVFNDQVBFMi4wAwEAAAAh+QQFCgAPACwAAAAADwAPAAAEQvDJaZaZOIcV8iQK8VRX4iTYoAwZ4iCYoAjZ4RxejhVNoT+mRGP4cyF4Pp0N98sBGIBMEMOotl6YZ3S61Bmbkm4mAgAh+QQFCgAPACwAAAAADQANAAAENPDJSRSZeA418itN8QiK8BiLITVsFiyBBIoYqnoewAD4xPw9iY4XLGYSjkQR4UAUD45DLwIAIfkEBQoADwAsAAAAAA8ACQAABC\/wyVlamTi3nSdgwFNdhEJgTJoNyoB9ISYoQmdjiZPcj7EYCAeCF1gEDo4Dz2eIAAAh+QQFCgAPACwCAAAADQANAAAEM\/DJBxiYeLKdX3IJZT1FU0iIg2RNKx3OkZVnZ98ToRD4MyiDnkAh6BkNC0MvsAj0kMpHBAAh+QQFCgAPACwGAAAACQAPAAAEMDC59KpFDll73HkAA2wVY5KgiK5b0RRoI6MuzG6EQqCDMlSGheEhUAgqgUUAFRySIgAh+QQFCgAPACwCAAIADQANAAAEM\/DJKZNLND\/kkKaHc3xk+QAMYDKsiaqmZCxGVjSFFCxB1vwy2oOgIDxuucxAMTAJFAJNBAAh+QQFCgAPACwAAAYADwAJAAAEMNAs86q1yaWwwv2Ig0jUZx3OYa4XoRAfwADXoAwfo1+CIjyFRuEho60aSNYlOPxEAAAh+QQFCgAPACwAAAIADQANAAAENPA9s4y8+IUVcqaWJ4qEQozSoAzoIyhCK2NFU2SJk0hNnyEOhKR2AzAAj4Pj4GE4W0bkJQIAOw==\" \/><div class=\"clear pt-cv-clear-pagination\"><\/div><\/div><\/div>\n<div style=\"margin: 20px 0;\"><div class=\"qrcswholewtapper\" style=\"text-align:left;\"><div class=\"qrcprowrapper\"  id=\"qrcwraa2leds\"><div class=\"qrc_canvass\" id=\"qrc_cuttenpages_2\" style=\"display:inline-block\" data-text=\"https:\/\/pedrovelho.rn.gov.br\/transparente\/index\/resultado-de-licitacao-frente\/\"><\/div><\/div><\/div><\/div>","protected":false},"excerpt":{"rendered":"","protected":false},"author":1,"featured_media":0,"parent":0,"menu_order":0,"comment_status":"closed","ping_status":"closed","template":"","meta":{"_et_pb_use_builder":"","_et_pb_old_content":"","_et_gb_content_width":"","footnotes":""},"class_list":["post-11691","page","type-page","status-publish","hentry"],"_links":{"self":[{"href":"https:\/\/pedrovelho.rn.gov.br\/transparente\/index\/wp-json\/wp\/v2\/pages\/11691","targetHints":{"allow":["GET"]}}],"collection":[{"href":"https:\/\/pedrovelho.rn.gov.br\/transparente\/index\/wp-json\/wp\/v2\/pages"}],"about":[{"href":"https:\/\/pedrovelho.rn.gov.br\/transparente\/index\/wp-json\/wp\/v2\/types\/page"}],"author":[{"embeddable":true,"href":"https:\/\/pedrovelho.rn.gov.br\/transparente\/index\/wp-json\/wp\/v2\/users\/1"}],"replies":[{"embeddable":true,"href":"https:\/\/pedrovelho.rn.gov.br\/transparente\/index\/wp-json\/wp\/v2\/comments?post=11691"}],"version-history":[{"count":1,"href":"https:\/\/pedrovelho.rn.gov.br\/transparente\/index\/wp-json\/wp\/v2\/pages\/11691\/revisions"}],"predecessor-version":[{"id":11692,"href":"https:\/\/pedrovelho.rn.gov.br\/transparente\/index\/wp-json\/wp\/v2\/pages\/11691\/revisions\/11692"}],"wp:attachment":[{"href":"https:\/\/pedrovelho.rn.gov.br\/transparente\/index\/wp-json\/wp\/v2\/media?parent=11691"}],"curies":[{"name":"wp","href":"https:\/\/api.w.org\/{rel}","templated":true}]}}