{"id":29239,"date":"2023-07-18T14:15:43","date_gmt":"2023-07-18T14:15:43","guid":{"rendered":"https:\/\/pedrovelho.rn.gov.br\/transparente\/index\/?page_id=29239"},"modified":"2023-07-18T14:35:16","modified_gmt":"2023-07-18T14:35:16","slug":"ouvidoria-atendimento-presencial","status":"publish","type":"page","link":"https:\/\/pedrovelho.rn.gov.br\/transparente\/index\/ouvidoria-atendimento-presencial\/","title":{"rendered":"Ouvidoria atendimento presencial"},"content":{"rendered":"<p>&nbsp;<\/p>\n<p data-raofz=\"14\"><strong>Servidor respons\u00e1vel pelo atendimento:<\/strong>\u00a0Ygor Gabriel Silva e Carvalho<\/p>\n<p data-raofz=\"14\"><strong>Local do Atendimento:<\/strong>\u00a0Prefeitura Municipal de Pedro Velho\/RN<\/p>\n<p data-raofz=\"14\"><strong>Endere\u00e7o:<\/strong>\u00a0Rua Jo\u00e3o Pessoa, n\u00b0 181, Centro, Cep: 59.196-000<\/p>\n<p data-raofz=\"14\"><strong>Hor\u00e1rio de Atendimento:<\/strong>\u00a008:00 \u00e0s 14:00 hs<\/p>\n<p data-raofz=\"14\">E-MAIL PARA MANIFESTA\u00c7\u00c3O: ouvidoria@pedrovelho.rn.gov.br<\/p>\n<div style=\"margin: 20px 0;\"><div class=\"qrcswholewtapper\" style=\"text-align:left;\"><div class=\"qrcprowrapper\"  id=\"qrcwraa2leds\"><div class=\"qrc_canvass\" id=\"qrc_cuttenpages_2\" style=\"display:inline-block\" data-text=\"https:\/\/pedrovelho.rn.gov.br\/transparente\/index\/ouvidoria-atendimento-presencial\/\"><\/div><\/div><\/div><\/div>","protected":false},"excerpt":{"rendered":"<p>&nbsp; Servidor respons\u00e1vel pelo atendimento:\u00a0Ygor Gabriel Silva e Carvalho Local do Atendimento:\u00a0Prefeitura Municipal de Pedro Velho\/RN Endere\u00e7o:\u00a0Rua Jo\u00e3o Pessoa, n\u00b0 181, Centro, Cep: 59.196-000 Hor\u00e1rio de Atendimento:\u00a008:00 \u00e0s 14:00 hs E-MAIL PARA MANIFESTA\u00c7\u00c3O: ouvidoria@pedrovelho.rn.gov.br<\/p>\n","protected":false},"author":1,"featured_media":0,"parent":0,"menu_order":0,"comment_status":"closed","ping_status":"closed","template":"","meta":{"_et_pb_use_builder":"off","_et_pb_old_content":"","_et_gb_content_width":"","footnotes":""},"class_list":["post-29239","page","type-page","status-publish","hentry"],"_links":{"self":[{"href":"https:\/\/pedrovelho.rn.gov.br\/transparente\/index\/wp-json\/wp\/v2\/pages\/29239","targetHints":{"allow":["GET"]}}],"collection":[{"href":"https:\/\/pedrovelho.rn.gov.br\/transparente\/index\/wp-json\/wp\/v2\/pages"}],"about":[{"href":"https:\/\/pedrovelho.rn.gov.br\/transparente\/index\/wp-json\/wp\/v2\/types\/page"}],"author":[{"embeddable":true,"href":"https:\/\/pedrovelho.rn.gov.br\/transparente\/index\/wp-json\/wp\/v2\/users\/1"}],"replies":[{"embeddable":true,"href":"https:\/\/pedrovelho.rn.gov.br\/transparente\/index\/wp-json\/wp\/v2\/comments?post=29239"}],"version-history":[{"count":3,"href":"https:\/\/pedrovelho.rn.gov.br\/transparente\/index\/wp-json\/wp\/v2\/pages\/29239\/revisions"}],"predecessor-version":[{"id":29242,"href":"https:\/\/pedrovelho.rn.gov.br\/transparente\/index\/wp-json\/wp\/v2\/pages\/29239\/revisions\/29242"}],"wp:attachment":[{"href":"https:\/\/pedrovelho.rn.gov.br\/transparente\/index\/wp-json\/wp\/v2\/media?parent=29239"}],"curies":[{"name":"wp","href":"https:\/\/api.w.org\/{rel}","templated":true}]}}