{"id":32057,"date":"2024-08-12T18:43:48","date_gmt":"2024-08-12T18:43:48","guid":{"rendered":"https:\/\/pedrovelho.rn.gov.br\/transparente\/index\/?page_id=32057"},"modified":"2024-08-12T18:46:03","modified_gmt":"2024-08-12T18:46:03","slug":"atas","status":"publish","type":"page","link":"https:\/\/pedrovelho.rn.gov.br\/transparente\/index\/atas\/","title":{"rendered":"Atas"},"content":{"rendered":"<p>[et_pb_section fb_built=&#8221;1&#8243; admin_label=&#8221;TITULO E CORPO&#8221; _builder_version=&#8221;4.20.4&#8243; background_color=&#8221;#a5a5a5&#8243; vertical_offset_tablet=&#8221;0&#8243; horizontal_offset_tablet=&#8221;0&#8243; box_shadow_horizontal_tablet=&#8221;0px&#8221; box_shadow_vertical_tablet=&#8221;0px&#8221; box_shadow_blur_tablet=&#8221;40px&#8221; box_shadow_spread_tablet=&#8221;0px&#8221; collapsed=&#8221;off&#8221; global_colors_info=&#8221;{}&#8221; theme_builder_area=&#8221;post_content&#8221;][et_pb_row column_structure=&#8221;3_5,2_5&#8243; _builder_version=&#8221;4.20.4&#8243; vertical_offset_tablet=&#8221;0&#8243; horizontal_offset_tablet=&#8221;0&#8243; z_index_tablet=&#8221;0&#8243; border_width_all=&#8221;20px&#8221; border_color_all=&#8221;RGBA(255,255,255,0)&#8221; box_shadow_horizontal_tablet=&#8221;0px&#8221; box_shadow_vertical_tablet=&#8221;0px&#8221; box_shadow_blur_tablet=&#8221;40px&#8221; box_shadow_spread_tablet=&#8221;0px&#8221; global_colors_info=&#8221;{}&#8221; theme_builder_area=&#8221;post_content&#8221;][et_pb_column type=&#8221;3_5&#8243; _builder_version=&#8221;4.16&#8243; custom_padding=&#8221;|||&#8221; global_colors_info=&#8221;{}&#8221; custom_padding__hover=&#8221;|||&#8221; theme_builder_area=&#8221;post_content&#8221;][et_pb_text _builder_version=&#8221;4.20.4&#8243; text_text_color=&#8221;#ffffff&#8221; link_text_color=&#8221;#ffffff&#8221; vertical_offset_tablet=&#8221;0&#8243; horizontal_offset_tablet=&#8221;0&#8243; z_index_tablet=&#8221;0&#8243; text_text_shadow_horizontal_length_tablet=&#8221;0px&#8221; text_text_shadow_vertical_length_tablet=&#8221;0px&#8221; text_text_shadow_blur_strength_tablet=&#8221;1px&#8221; link_text_shadow_horizontal_length_tablet=&#8221;0px&#8221; link_text_shadow_vertical_length_tablet=&#8221;0px&#8221; link_text_shadow_blur_strength_tablet=&#8221;1px&#8221; ul_text_shadow_horizontal_length_tablet=&#8221;0px&#8221; ul_text_shadow_vertical_length_tablet=&#8221;0px&#8221; ul_text_shadow_blur_strength_tablet=&#8221;1px&#8221; ol_text_shadow_horizontal_length_tablet=&#8221;0px&#8221; ol_text_shadow_vertical_length_tablet=&#8221;0px&#8221; ol_text_shadow_blur_strength_tablet=&#8221;1px&#8221; quote_text_shadow_horizontal_length_tablet=&#8221;0px&#8221; quote_text_shadow_vertical_length_tablet=&#8221;0px&#8221; quote_text_shadow_blur_strength_tablet=&#8221;1px&#8221; header_text_shadow_horizontal_length_tablet=&#8221;0px&#8221; header_text_shadow_vertical_length_tablet=&#8221;0px&#8221; header_text_shadow_blur_strength_tablet=&#8221;1px&#8221; header_2_text_shadow_horizontal_length_tablet=&#8221;0px&#8221; header_2_text_shadow_vertical_length_tablet=&#8221;0px&#8221; header_2_text_shadow_blur_strength_tablet=&#8221;1px&#8221; header_3_text_shadow_horizontal_length_tablet=&#8221;0px&#8221; header_3_text_shadow_vertical_length_tablet=&#8221;0px&#8221; header_3_text_shadow_blur_strength_tablet=&#8221;1px&#8221; header_4_text_shadow_horizontal_length_tablet=&#8221;0px&#8221; header_4_text_shadow_vertical_length_tablet=&#8221;0px&#8221; header_4_text_shadow_blur_strength_tablet=&#8221;1px&#8221; header_5_text_shadow_horizontal_length_tablet=&#8221;0px&#8221; header_5_text_shadow_vertical_length_tablet=&#8221;0px&#8221; header_5_text_shadow_blur_strength_tablet=&#8221;1px&#8221; header_6_text_shadow_horizontal_length_tablet=&#8221;0px&#8221; header_6_text_shadow_vertical_length_tablet=&#8221;0px&#8221; header_6_text_shadow_blur_strength_tablet=&#8221;1px&#8221; box_shadow_horizontal_tablet=&#8221;0px&#8221; box_shadow_vertical_tablet=&#8221;0px&#8221; box_shadow_blur_tablet=&#8221;40px&#8221; box_shadow_spread_tablet=&#8221;0px&#8221; global_colors_info=&#8221;{}&#8221; theme_builder_area=&#8221;post_content&#8221;]<\/p>\n<p>Sabemos que a exig\u00eancia por transpar\u00eancia no brasil j\u00e1 se estende desde o ano 2000 com a cria\u00e7\u00e3o da\u00a0<strong>lei de Responsabilidade Fiscal<\/strong>\u00a0(<a role=\"link\" href=\"https:\/\/www.planalto.gov.br\/ccivil_03\/leis\/lcp\/lcp101.htm\" rel=\"noopener noreferrer\" data-saferedirecturl=\"https:\/\/www.google.com\/url?hl=pt-BR&amp;q=https:\/\/www.planalto.gov.br\/ccivil_03\/leis\/lcp\/lcp101.htm&amp;source=gmail&amp;ust=1478230407070000&amp;usg=AFQjCNE9pnGpq0FhmfIlJR_zkepmQ-uNrQ\" data-raofz=\"14\">Lei Complementar n\u00ba 101, de 04 de maio de 2000<\/a>), onde se tornou mais forte com a aprova\u00e7\u00e3o da\u00a0<strong>Lei da Transpar\u00eancia<\/strong>\u00a0(<a role=\"link\" href=\"http:\/\/www.planalto.gov.br\/ccivil_03\/leis\/LCP\/Lcp131.htm\" rel=\"noopener noreferrer\" data-saferedirecturl=\"https:\/\/www.google.com\/url?hl=pt-BR&amp;q=http:\/\/www.planalto.gov.br\/ccivil_03\/leis\/LCP\/Lcp131.htm&amp;source=gmail&amp;ust=1478230407070000&amp;usg=AFQjCNG8oBs3UoWwT6fsWhP05SJLyAmYtQ\" data-raofz=\"14\">Lei Complementar 131, de 27 de maio de 2009<\/a>). tendo seu refor\u00e7o com a\u00a0<strong>lei de Ficha Limpa<\/strong>\u00a0(<a role=\"link\" href=\"https:\/\/www.planalto.gov.br\/ccivil_03\/leis\/lcp\/lcp135.htm\" rel=\"noopener noreferrer\" data-saferedirecturl=\"https:\/\/www.google.com\/url?hl=pt-BR&amp;q=https:\/\/www.planalto.gov.br\/ccivil_03\/leis\/lcp\/lcp135.htm&amp;source=gmail&amp;ust=1478230407070000&amp;usg=AFQjCNGq_rOZpNpiY7XQhV12lu1pwYPu7w\" data-raofz=\"14\">Lei Complementar n\u00ba 135, de 04 de junho de 2010<\/a>) e efetivando a transpar\u00eancia de fato com a\u00a0<strong>Lei de Acesso a Informa\u00e7\u00e3o<\/strong>\u00a0(<a role=\"link\" href=\"https:\/\/www.planalto.gov.br\/ccivil_03\/_ato2011-2014\/2011\/lei\/l12527.htm\" rel=\"noopener noreferrer\" data-saferedirecturl=\"https:\/\/www.google.com\/url?hl=pt-BR&amp;q=https:\/\/www.planalto.gov.br\/ccivil_03\/_ato2011-2014\/2011\/lei\/l12527.htm&amp;source=gmail&amp;ust=1478230407070000&amp;usg=AFQjCNHVmJgKX3zynYJk9g9JIC2cBxUzjg\" data-raofz=\"14\">Lei n\u00ba 12.527, de 18 de novembro de 2011<\/a>).<\/p>\n<p>[\/et_pb_text][\/et_pb_column][et_pb_column type=&#8221;2_5&#8243; _builder_version=&#8221;4.16&#8243; custom_padding=&#8221;|||&#8221; global_colors_info=&#8221;{}&#8221; custom_padding__hover=&#8221;|||&#8221; theme_builder_area=&#8221;post_content&#8221;][et_pb_image src=&#8221;https:\/\/pedrovelho.rn.gov.br\/transparente\/index\/wp-content\/uploads\/2023\/01\/portal-transparencia.png&#8221; _builder_version=&#8221;4.20.4&#8243; vertical_offset_tablet=&#8221;0&#8243; horizontal_offset_tablet=&#8221;0&#8243; z_index_tablet=&#8221;0&#8243; box_shadow_horizontal_tablet=&#8221;0px&#8221; box_shadow_vertical_tablet=&#8221;0px&#8221; box_shadow_blur_tablet=&#8221;40px&#8221; box_shadow_spread_tablet=&#8221;0px&#8221; global_colors_info=&#8221;{}&#8221; theme_builder_area=&#8221;post_content&#8221;][\/et_pb_image][\/et_pb_column][\/et_pb_row][\/et_pb_section][et_pb_section fb_built=&#8221;1&#8243; _builder_version=&#8221;4.20.4&#8243; background_color=&#8221;#ffcc00&#8243; vertical_offset_tablet=&#8221;0&#8243; horizontal_offset_tablet=&#8221;0&#8243; box_shadow_horizontal_tablet=&#8221;0px&#8221; box_shadow_vertical_tablet=&#8221;0px&#8221; box_shadow_blur_tablet=&#8221;40px&#8221; box_shadow_spread_tablet=&#8221;0px&#8221; global_colors_info=&#8221;{}&#8221; theme_builder_area=&#8221;post_content&#8221;][et_pb_row _builder_version=&#8221;4.20.4&#8243; vertical_offset_tablet=&#8221;0&#8243; horizontal_offset_tablet=&#8221;0&#8243; z_index_tablet=&#8221;0&#8243; box_shadow_horizontal_tablet=&#8221;0px&#8221; box_shadow_vertical_tablet=&#8221;0px&#8221; box_shadow_blur_tablet=&#8221;40px&#8221; box_shadow_spread_tablet=&#8221;0px&#8221; global_colors_info=&#8221;{}&#8221; theme_builder_area=&#8221;post_content&#8221;][et_pb_column type=&#8221;4_4&#8243; _builder_version=&#8221;4.16&#8243; custom_padding=&#8221;|||&#8221; global_colors_info=&#8221;{}&#8221; custom_padding__hover=&#8221;|||&#8221; theme_builder_area=&#8221;post_content&#8221;][\/et_pb_column][\/et_pb_row][\/et_pb_section][et_pb_section fb_built=&#8221;1&#8243; admin_label=&#8221;TITULO E CORPO&#8221; _builder_version=&#8221;4.20.4&#8243; background_color=&#8221;#0066ff&#8221; vertical_offset_tablet=&#8221;0&#8243; horizontal_offset_tablet=&#8221;0&#8243; box_shadow_horizontal_tablet=&#8221;0px&#8221; box_shadow_vertical_tablet=&#8221;0px&#8221; box_shadow_blur_tablet=&#8221;40px&#8221; box_shadow_spread_tablet=&#8221;0px&#8221; collapsed=&#8221;off&#8221; global_colors_info=&#8221;{}&#8221; theme_builder_area=&#8221;post_content&#8221;][et_pb_row _builder_version=&#8221;4.20.4&#8243; background_color=&#8221;#FFFFFF&#8221; border_width_all=&#8221;20px&#8221; border_color_all=&#8221;RGBA(255,255,255,0)&#8221; global_colors_info=&#8221;{}&#8221; theme_builder_area=&#8221;post_content&#8221;][et_pb_column type=&#8221;4_4&#8243; _builder_version=&#8221;4.16&#8243; global_colors_info=&#8221;{}&#8221; theme_builder_area=&#8221;post_content&#8221;][et_pb_post_title meta=&#8221;off&#8221; featured_image=&#8221;off&#8221; _builder_version=&#8221;4.20.4&#8243; title_font=&#8221;|700||on|||||&#8221; vertical_offset_tablet=&#8221;0&#8243; horizontal_offset_tablet=&#8221;0&#8243; z_index_tablet=&#8221;0&#8243; title_text_shadow_horizontal_length_tablet=&#8221;0px&#8221; title_text_shadow_vertical_length_tablet=&#8221;0px&#8221; title_text_shadow_blur_strength_tablet=&#8221;1px&#8221; meta_text_shadow_horizontal_length_tablet=&#8221;0px&#8221; meta_text_shadow_vertical_length_tablet=&#8221;0px&#8221; meta_text_shadow_blur_strength_tablet=&#8221;1px&#8221; border_color_all=&#8221;#ffffff&#8221; text_shadow_horizontal_length_tablet=&#8221;0px&#8221; text_shadow_vertical_length_tablet=&#8221;0px&#8221; text_shadow_blur_strength_tablet=&#8221;1px&#8221; global_colors_info=&#8221;{}&#8221; theme_builder_area=&#8221;post_content&#8221;][\/et_pb_post_title][et_pb_divider show_divider=&#8221;off&#8221; _builder_version=&#8221;4.16&#8243; global_colors_info=&#8221;{}&#8221; theme_builder_area=&#8221;post_content&#8221;][\/et_pb_divider][et_pb_text _builder_version=&#8221;4.23&#8243; _module_preset=&#8221;default&#8221; vertical_offset_tablet=&#8221;0&#8243; horizontal_offset_tablet=&#8221;0&#8243; hover_enabled=&#8221;0&#8243; z_index_tablet=&#8221;0&#8243; text_text_shadow_horizontal_length_tablet=&#8221;0px&#8221; text_text_shadow_vertical_length_tablet=&#8221;0px&#8221; text_text_shadow_blur_strength_tablet=&#8221;1px&#8221; link_text_shadow_horizontal_length_tablet=&#8221;0px&#8221; link_text_shadow_vertical_length_tablet=&#8221;0px&#8221; link_text_shadow_blur_strength_tablet=&#8221;1px&#8221; ul_text_shadow_horizontal_length_tablet=&#8221;0px&#8221; ul_text_shadow_vertical_length_tablet=&#8221;0px&#8221; ul_text_shadow_blur_strength_tablet=&#8221;1px&#8221; ol_text_shadow_horizontal_length_tablet=&#8221;0px&#8221; ol_text_shadow_vertical_length_tablet=&#8221;0px&#8221; ol_text_shadow_blur_strength_tablet=&#8221;1px&#8221; quote_text_shadow_horizontal_length_tablet=&#8221;0px&#8221; quote_text_shadow_vertical_length_tablet=&#8221;0px&#8221; quote_text_shadow_blur_strength_tablet=&#8221;1px&#8221; header_text_shadow_horizontal_length_tablet=&#8221;0px&#8221; header_text_shadow_vertical_length_tablet=&#8221;0px&#8221; header_text_shadow_blur_strength_tablet=&#8221;1px&#8221; header_2_text_shadow_horizontal_length_tablet=&#8221;0px&#8221; header_2_text_shadow_vertical_length_tablet=&#8221;0px&#8221; header_2_text_shadow_blur_strength_tablet=&#8221;1px&#8221; header_3_text_shadow_horizontal_length_tablet=&#8221;0px&#8221; header_3_text_shadow_vertical_length_tablet=&#8221;0px&#8221; header_3_text_shadow_blur_strength_tablet=&#8221;1px&#8221; header_4_text_shadow_horizontal_length_tablet=&#8221;0px&#8221; header_4_text_shadow_vertical_length_tablet=&#8221;0px&#8221; header_4_text_shadow_blur_strength_tablet=&#8221;1px&#8221; header_5_text_shadow_horizontal_length_tablet=&#8221;0px&#8221; header_5_text_shadow_vertical_length_tablet=&#8221;0px&#8221; header_5_text_shadow_blur_strength_tablet=&#8221;1px&#8221; header_6_text_shadow_horizontal_length_tablet=&#8221;0px&#8221; header_6_text_shadow_vertical_length_tablet=&#8221;0px&#8221; header_6_text_shadow_blur_strength_tablet=&#8221;1px&#8221; box_shadow_horizontal_tablet=&#8221;0px&#8221; box_shadow_vertical_tablet=&#8221;0px&#8221; box_shadow_blur_tablet=&#8221;40px&#8221; box_shadow_spread_tablet=&#8221;0px&#8221; global_colors_info=&#8221;{}&#8221; theme_builder_area=&#8221;post_content&#8221; sticky_enabled=&#8221;0&#8243;]<\/p>\n<div class=\"pt-cv-wrapper et_smooth_scroll_disabled\"><div class=\"pt-cv-view pt-cv-grid pt-cv-colsys\" id=\"pt-cv-view-feb86f882e\"><div data-id=\"pt-cv-page-1\" class=\"pt-cv-page\" data-cvc=\"1\"><div class=\"col-md-12 col-sm-12 col-xs-12 pt-cv-content-item pt-cv-1-col\" ><div class='pt-cv-ifield'><p class=\"pt-cv-title\"><a href=\"https:\/\/pedrovelho.rn.gov.br\/transparente\/index\/ata-da-sessao-de-habilitacao-chamada-publica-008-2024\/\" class=\"_self\" target=\"_self\" >ATA DA SESS\u00c3O DE HABILITA\u00c7\u00c3O CHAMADA P\u00daBLICA \u2013 008\/2024<\/a><\/p><\/div><\/div>\n<div class=\"col-md-12 col-sm-12 col-xs-12 pt-cv-content-item pt-cv-1-col\" ><div class='pt-cv-ifield'><p class=\"pt-cv-title\"><a href=\"https:\/\/pedrovelho.rn.gov.br\/transparente\/index\/chamada-publica-no-001-2023-ata-da-sessao-do-sorteio-da-ordem-de-credenciamento-de-leiloeiro\/\" class=\"_self\" target=\"_self\" >CHAMADA PUBLICA N\u00ba 001\/2023 &#8211; ATA DA SESS\u00c3O DO SORTEIO DA ORDEM DE CREDENCIAMENTO DE LEILOEIRO<\/a><\/p><\/div><\/div>\n<div class=\"col-md-12 col-sm-12 col-xs-12 pt-cv-content-item pt-cv-1-col\" ><div class='pt-cv-ifield'><p class=\"pt-cv-title\"><a href=\"https:\/\/pedrovelho.rn.gov.br\/transparente\/index\/qualificacao-n-02-2023-ata-da-sessao-de-analise-da-qualificacao-2\/\" class=\"_self\" target=\"_self\" >QUALIFICA\u00c7\u00c3O N\u00b0 02\/2023 &#8211; ATA DA SESS\u00c3O DE AN\u00c1LISE DA QUALIFICA\u00c7\u00c3O<\/a><\/p><\/div><\/div>\n<div class=\"col-md-12 col-sm-12 col-xs-12 pt-cv-content-item pt-cv-1-col\" ><div class='pt-cv-ifield'><p class=\"pt-cv-title\"><a href=\"https:\/\/pedrovelho.rn.gov.br\/transparente\/index\/ata-da-sessao-para-o-recebimento-dos-envelopes-de-habilitacao-e-proposta-de-precos-tomada-de-preco-no-002-2021\/\" class=\"_self\" target=\"_self\" >ATA DA SESS\u00c3O PARA O RECEBIMENTO DOS ENVELOPES  DE HABILITA\u00c7\u00c3O E PROPOSTA DE PRE\u00c7OS &#8211; TOMADA DE PRE\u00c7O N\u00ba 002\/2021<\/a><\/p><\/div><\/div>\n<div class=\"col-md-12 col-sm-12 col-xs-12 pt-cv-content-item pt-cv-1-col\" ><div class='pt-cv-ifield'><p class=\"pt-cv-title\"><a href=\"https:\/\/pedrovelho.rn.gov.br\/transparente\/index\/ata-da-sessao-de-recebimento-dos-envelopes-de-habilitacao-e-proposta-modalidade-tomada-de-precos-no-02-2021\/\" class=\"_self\" target=\"_self\" >ATA DA SESS\u00c3O DE RECEBIMENTO DOS ENVELOPES DE HABILITA\u00c7\u00c3O E PROPOSTA &#8211; MODALIDADE \u2013 TOMADA DE PRE\u00c7OS N\u00ba &#8211; 02\/2021<\/a><\/p><\/div><\/div>\n<div class=\"col-md-12 col-sm-12 col-xs-12 pt-cv-content-item pt-cv-1-col\" ><div class='pt-cv-ifield'><p class=\"pt-cv-title\"><a href=\"https:\/\/pedrovelho.rn.gov.br\/transparente\/index\/ata-da-sessao-para-o-recebimento-dos-envelopes-de-habilitacao-e-proposta-de-precos-pregao-presencial-no-015-2021\/\" class=\"_self\" target=\"_self\" >ATA DA SESS\u00c3O PARA O RECEBIMENTO DOS ENVELOPES DE HABILITA\u00c7\u00c3O E PROPOSTA DE PRE\u00c7OS &#8211; PREG\u00c3O PRESENCIAL N\u00ba 015\/2021<\/a><\/p><\/div><\/div>\n<div class=\"col-md-12 col-sm-12 col-xs-12 pt-cv-content-item pt-cv-1-col\" ><div class='pt-cv-ifield'><p class=\"pt-cv-title\"><a href=\"https:\/\/pedrovelho.rn.gov.br\/transparente\/index\/ata-da-sessao-para-o-recebimento-dos-envelopes-de-habilitacao-e-proposta-de-precos-pregao-presencial-no-012-2021\/\" class=\"_self\" target=\"_self\" >ATA DA SESS\u00c3O PARA O RECEBIMENTO DOS ENVELOPES  DE HABILITA\u00c7\u00c3O E PROPOSTA DE PRE\u00c7OS &#8211;  PREG\u00c3O PRESENCIAL N\u00ba 012\/2021<\/a><\/p><\/div><\/div>\n<div class=\"col-md-12 col-sm-12 col-xs-12 pt-cv-content-item pt-cv-1-col\" ><div class='pt-cv-ifield'><p class=\"pt-cv-title\"><a href=\"https:\/\/pedrovelho.rn.gov.br\/transparente\/index\/ata-da-sessao-para-o-recebimento-dos-envelopes-de-habilitacao-e-proposta-de-precos-tomada-de-preco-no-001-2021\/\" class=\"_self\" target=\"_self\" >ATA DA SESS\u00c3O PARA O RECEBIMENTO DOS ENVELOPES DE HABILITA\u00c7\u00c3O E PROPOSTA DE PRE\u00c7OS &#8211; TOMADA DE PRE\u00c7O N\u00ba 001\/2021<\/a><\/p><\/div><\/div>\n<div class=\"col-md-12 col-sm-12 col-xs-12 pt-cv-content-item pt-cv-1-col\" ><div class='pt-cv-ifield'><p class=\"pt-cv-title\"><a href=\"https:\/\/pedrovelho.rn.gov.br\/transparente\/index\/ata-da-sessao-para-o-recebimento-dos-envelopes-de-habilitacao-e-proposta-de-precos-concorrencia-publica-no-001-2021\/\" class=\"_self\" target=\"_self\" >ATA DA SESS\u00c3O PARA O RECEBIMENTO DOS ENVELOPES DE HABILITA\u00c7\u00c3O E PROPOSTA DE PRE\u00c7OS &#8211; CONCORR\u00caNCIA P\u00daBLICA N\u00ba 001\/2021<\/a><\/p><\/div><\/div>\n<div class=\"col-md-12 col-sm-12 col-xs-12 pt-cv-content-item pt-cv-1-col\" ><div class='pt-cv-ifield'><p class=\"pt-cv-title\"><a href=\"https:\/\/pedrovelho.rn.gov.br\/transparente\/index\/ata-da-sessao-para-o-recebimento-dos-envelopes-de-habilitacao-e-proposta-de-precos-pregao-presencial-no-007-2021\/\" class=\"_self\" target=\"_self\" >ATA DA SESS\u00c3O PARA O RECEBIMENTO DOS ENVELOPES DE HABILITA\u00c7\u00c3O E PROPOSTA DE PRE\u00c7OS &#8211; PREG\u00c3O PRESENCIAL N\u00ba 007\/2021<\/a><\/p><\/div><\/div>\n<div class=\"col-md-12 col-sm-12 col-xs-12 pt-cv-content-item pt-cv-1-col\" ><div class='pt-cv-ifield'><p class=\"pt-cv-title\"><a href=\"https:\/\/pedrovelho.rn.gov.br\/transparente\/index\/ata-de-registro-de-precos-no-12-2019\/\" class=\"_self\" target=\"_self\" >ATA DE REGISTRO DE PRE\u00c7OS N\u00ba 12\/2019<\/a><\/p><\/div><\/div>\n<div class=\"col-md-12 col-sm-12 col-xs-12 pt-cv-content-item pt-cv-1-col\" ><div class='pt-cv-ifield'><p class=\"pt-cv-title\"><a href=\"https:\/\/pedrovelho.rn.gov.br\/transparente\/index\/pregao-presencial-no-000003-2019-ata-de-reuniao\/\" class=\"_self\" target=\"_self\" >PREG\u00c3O PRESENCIAL N\u00ba. 000003\/2019 ATA DE REUNI\u00c3O<\/a><\/p><\/div><\/div>\n<div class=\"col-md-12 col-sm-12 col-xs-12 pt-cv-content-item pt-cv-1-col\" ><div class='pt-cv-ifield'><p class=\"pt-cv-title\"><a href=\"https:\/\/pedrovelho.rn.gov.br\/transparente\/index\/ata-do-convite-cv-no-01-2019-secao-de-declaracao-de-empresa-vencedora\/\" class=\"_self\" target=\"_self\" >ATA DO CONVITE CV N\u00ba 01\/2019 SE\u00c7\u00c3O DE DECLARA\u00c7\u00c3O DE EMPRESA VENCEDORA.<\/a><\/p><\/div><\/div>\n<div class=\"col-md-12 col-sm-12 col-xs-12 pt-cv-content-item pt-cv-1-col\" ><div class='pt-cv-ifield'><p class=\"pt-cv-title\"><a href=\"https:\/\/pedrovelho.rn.gov.br\/transparente\/index\/ata-do-convitecv-no-01-2019-recebimento-do-recurso-administrativo\/\" class=\"_self\" target=\"_self\" >ATA DO CONVITECV N\u00ba 01\/2019 RECEBIMENTO DO RECURSO ADMINISTRATIVO<\/a><\/p><\/div><\/div>\n<div class=\"col-md-12 col-sm-12 col-xs-12 pt-cv-content-item pt-cv-1-col\" ><div class='pt-cv-ifield'><p class=\"pt-cv-title\"><a href=\"https:\/\/pedrovelho.rn.gov.br\/transparente\/index\/ata-do-convite-cv-no-01-2019-analise-de-envelopes-de-proposta-de-precos-das-licitantes-habilitadas\/\" class=\"_self\" target=\"_self\" >ATA DO CONVITE CV N\u00ba 01\/2019 ANALISE DE ENVELOPES DE PROPOSTA DE PRE\u00c7OS DAS LICITANTES HABILITADAS<\/a><\/p><\/div><\/div><\/div><\/div>\n<div class=\" pt-cv-pagination-wrapper\"><ul class=\"pt-cv-pagination pt-cv-ajax pagination\" data-totalpages=\"2\" data-currentpage=\"1\" data-sid=\"feb86f882e\" data-unid=\"\" data-isblock=\"\" data-postid=\"\"><li class=\"active\"><a href=\"#\">1<\/a><\/li>\n\t<li ><a class=\"\" href=\"https:\/\/pedrovelho.rn.gov.br\/transparente\/index\/wp-json\/wp\/v2\/pages\/32057\/?_page=2\">2<\/a><\/li>\n\t<li ><a class=\" \" href=\"https:\/\/pedrovelho.rn.gov.br\/transparente\/index\/wp-json\/wp\/v2\/pages\/32057\/?_page=2\">&rsaquo;<\/a><\/li>\n\t<\/ul><img loading=\"lazy\" decoding=\"async\" width=\"15\" height=\"15\" class=\"pt-cv-spinner\" alt=\"Carregando...;\" src=\"data:image\/gif;base64,R0lGODlhDwAPALMPAMrKygwMDJOTkz09PZWVla+vr3p6euTk5M7OzuXl5TMzMwAAAJmZmWZmZszMzP\/\/\/yH\/C05FVFNDQVBFMi4wAwEAAAAh+QQFCgAPACwAAAAADwAPAAAEQvDJaZaZOIcV8iQK8VRX4iTYoAwZ4iCYoAjZ4RxejhVNoT+mRGP4cyF4Pp0N98sBGIBMEMOotl6YZ3S61Bmbkm4mAgAh+QQFCgAPACwAAAAADQANAAAENPDJSRSZeA418itN8QiK8BiLITVsFiyBBIoYqnoewAD4xPw9iY4XLGYSjkQR4UAUD45DLwIAIfkEBQoADwAsAAAAAA8ACQAABC\/wyVlamTi3nSdgwFNdhEJgTJoNyoB9ISYoQmdjiZPcj7EYCAeCF1gEDo4Dz2eIAAAh+QQFCgAPACwCAAAADQANAAAEM\/DJBxiYeLKdX3IJZT1FU0iIg2RNKx3OkZVnZ98ToRD4MyiDnkAh6BkNC0MvsAj0kMpHBAAh+QQFCgAPACwGAAAACQAPAAAEMDC59KpFDll73HkAA2wVY5KgiK5b0RRoI6MuzG6EQqCDMlSGheEhUAgqgUUAFRySIgAh+QQFCgAPACwCAAIADQANAAAEM\/DJKZNLND\/kkKaHc3xk+QAMYDKsiaqmZCxGVjSFFCxB1vwy2oOgIDxuucxAMTAJFAJNBAAh+QQFCgAPACwAAAYADwAJAAAEMNAs86q1yaWwwv2Ig0jUZx3OYa4XoRAfwADXoAwfo1+CIjyFRuEho60aSNYlOPxEAAAh+QQFCgAPACwAAAIADQANAAAENPA9s4y8+IUVcqaWJ4qEQozSoAzoIyhCK2NFU2SJk0hNnyEOhKR2AzAAj4Pj4GE4W0bkJQIAOw==\" \/><div class=\"clear pt-cv-clear-pagination\"><\/div><\/div><\/div>\n<p>&nbsp;<\/p>\n<p>&nbsp;<\/p>\n<p>[\/et_pb_text][\/et_pb_column][\/et_pb_row][\/et_pb_section]<\/p>\n<div style=\"margin: 20px 0;\"><div class=\"qrcswholewtapper\" style=\"text-align:left;\"><div class=\"qrcprowrapper\"  id=\"qrcwraa2leds\"><div class=\"qrc_canvass\" id=\"qrc_cuttenpages_2\" style=\"display:inline-block\" data-text=\"https:\/\/pedrovelho.rn.gov.br\/transparente\/index\/atas\/\"><\/div><\/div><\/div><\/div>","protected":false},"excerpt":{"rendered":"<p>Sabemos que a exig\u00eancia por transpar\u00eancia no brasil j\u00e1 se estende desde o ano 2000 com a cria\u00e7\u00e3o da\u00a0lei de Responsabilidade Fiscal\u00a0(Lei Complementar n\u00ba 101, de 04 de maio de 2000), onde se tornou mais forte com a aprova\u00e7\u00e3o da\u00a0Lei da Transpar\u00eancia\u00a0(Lei Complementar 131, de 27 de maio de 2009). tendo seu refor\u00e7o com a\u00a0lei [&hellip;]<\/p>\n","protected":false},"author":1,"featured_media":0,"parent":0,"menu_order":0,"comment_status":"closed","ping_status":"closed","template":"","meta":{"_et_pb_use_builder":"on","_et_pb_old_content":"","_et_gb_content_width":"","footnotes":""},"class_list":["post-32057","page","type-page","status-publish","hentry"],"_links":{"self":[{"href":"https:\/\/pedrovelho.rn.gov.br\/transparente\/index\/wp-json\/wp\/v2\/pages\/32057","targetHints":{"allow":["GET"]}}],"collection":[{"href":"https:\/\/pedrovelho.rn.gov.br\/transparente\/index\/wp-json\/wp\/v2\/pages"}],"about":[{"href":"https:\/\/pedrovelho.rn.gov.br\/transparente\/index\/wp-json\/wp\/v2\/types\/page"}],"author":[{"embeddable":true,"href":"https:\/\/pedrovelho.rn.gov.br\/transparente\/index\/wp-json\/wp\/v2\/users\/1"}],"replies":[{"embeddable":true,"href":"https:\/\/pedrovelho.rn.gov.br\/transparente\/index\/wp-json\/wp\/v2\/comments?post=32057"}],"version-history":[{"count":3,"href":"https:\/\/pedrovelho.rn.gov.br\/transparente\/index\/wp-json\/wp\/v2\/pages\/32057\/revisions"}],"predecessor-version":[{"id":32062,"href":"https:\/\/pedrovelho.rn.gov.br\/transparente\/index\/wp-json\/wp\/v2\/pages\/32057\/revisions\/32062"}],"wp:attachment":[{"href":"https:\/\/pedrovelho.rn.gov.br\/transparente\/index\/wp-json\/wp\/v2\/media?parent=32057"}],"curies":[{"name":"wp","href":"https:\/\/api.w.org\/{rel}","templated":true}]}}