{"id":6258,"date":"2019-01-11T11:21:37","date_gmt":"2019-01-11T11:21:37","guid":{"rendered":"https:\/\/portais.tiew.com.br\/prefeitura\/01\/transparente\/index\/?page_id=6258"},"modified":"2023-10-04T18:48:54","modified_gmt":"2023-10-04T18:48:54","slug":"consultar-a-lai","status":"publish","type":"page","link":"https:\/\/pedrovelho.rn.gov.br\/transparente\/index\/acesso-a-informacao\/consultar-a-lai\/","title":{"rendered":"Consultar \u00e0 LAI"},"content":{"rendered":"<p>[et_pb_section fb_built=&#8221;1&#8243; admin_label=&#8221;TITULO E CORPO&#8221; _builder_version=&#8221;4.20.4&#8243; background_color=&#8221;#a5a5a5&#8243; vertical_offset_tablet=&#8221;0&#8243; horizontal_offset_tablet=&#8221;0&#8243; box_shadow_horizontal_tablet=&#8221;0px&#8221; box_shadow_vertical_tablet=&#8221;0px&#8221; box_shadow_blur_tablet=&#8221;40px&#8221; box_shadow_spread_tablet=&#8221;0px&#8221; collapsed=&#8221;off&#8221; global_colors_info=&#8221;{}&#8221; theme_builder_area=&#8221;post_content&#8221;][et_pb_row _builder_version=&#8221;4.20.4&#8243; vertical_offset_tablet=&#8221;0&#8243; horizontal_offset_tablet=&#8221;0&#8243; z_index_tablet=&#8221;0&#8243; border_width_all=&#8221;20px&#8221; border_color_all=&#8221;RGBA(255,255,255,0)&#8221; box_shadow_horizontal_tablet=&#8221;0px&#8221; box_shadow_vertical_tablet=&#8221;0px&#8221; box_shadow_blur_tablet=&#8221;40px&#8221; box_shadow_spread_tablet=&#8221;0px&#8221; global_colors_info=&#8221;{}&#8221; column_structure=&#8221;3_5,2_5&#8243; theme_builder_area=&#8221;post_content&#8221;][et_pb_column type=&#8221;3_5&#8243; _builder_version=&#8221;4.16&#8243; custom_padding=&#8221;|||&#8221; global_colors_info=&#8221;{}&#8221; custom_padding__hover=&#8221;|||&#8221; theme_builder_area=&#8221;post_content&#8221;][et_pb_text _builder_version=&#8221;4.20.4&#8243; text_text_color=&#8221;#ffffff&#8221; link_text_color=&#8221;#ffffff&#8221; vertical_offset_tablet=&#8221;0&#8243; horizontal_offset_tablet=&#8221;0&#8243; z_index_tablet=&#8221;0&#8243; text_text_shadow_horizontal_length_tablet=&#8221;0px&#8221; text_text_shadow_vertical_length_tablet=&#8221;0px&#8221; text_text_shadow_blur_strength_tablet=&#8221;1px&#8221; link_text_shadow_horizontal_length_tablet=&#8221;0px&#8221; link_text_shadow_vertical_length_tablet=&#8221;0px&#8221; link_text_shadow_blur_strength_tablet=&#8221;1px&#8221; ul_text_shadow_horizontal_length_tablet=&#8221;0px&#8221; ul_text_shadow_vertical_length_tablet=&#8221;0px&#8221; ul_text_shadow_blur_strength_tablet=&#8221;1px&#8221; ol_text_shadow_horizontal_length_tablet=&#8221;0px&#8221; ol_text_shadow_vertical_length_tablet=&#8221;0px&#8221; ol_text_shadow_blur_strength_tablet=&#8221;1px&#8221; quote_text_shadow_horizontal_length_tablet=&#8221;0px&#8221; quote_text_shadow_vertical_length_tablet=&#8221;0px&#8221; quote_text_shadow_blur_strength_tablet=&#8221;1px&#8221; header_text_shadow_horizontal_length_tablet=&#8221;0px&#8221; header_text_shadow_vertical_length_tablet=&#8221;0px&#8221; header_text_shadow_blur_strength_tablet=&#8221;1px&#8221; header_2_text_shadow_horizontal_length_tablet=&#8221;0px&#8221; header_2_text_shadow_vertical_length_tablet=&#8221;0px&#8221; header_2_text_shadow_blur_strength_tablet=&#8221;1px&#8221; header_3_text_shadow_horizontal_length_tablet=&#8221;0px&#8221; header_3_text_shadow_vertical_length_tablet=&#8221;0px&#8221; header_3_text_shadow_blur_strength_tablet=&#8221;1px&#8221; header_4_text_shadow_horizontal_length_tablet=&#8221;0px&#8221; header_4_text_shadow_vertical_length_tablet=&#8221;0px&#8221; header_4_text_shadow_blur_strength_tablet=&#8221;1px&#8221; header_5_text_shadow_horizontal_length_tablet=&#8221;0px&#8221; header_5_text_shadow_vertical_length_tablet=&#8221;0px&#8221; header_5_text_shadow_blur_strength_tablet=&#8221;1px&#8221; header_6_text_shadow_horizontal_length_tablet=&#8221;0px&#8221; header_6_text_shadow_vertical_length_tablet=&#8221;0px&#8221; header_6_text_shadow_blur_strength_tablet=&#8221;1px&#8221; box_shadow_horizontal_tablet=&#8221;0px&#8221; box_shadow_vertical_tablet=&#8221;0px&#8221; box_shadow_blur_tablet=&#8221;40px&#8221; box_shadow_spread_tablet=&#8221;0px&#8221; global_colors_info=&#8221;{}&#8221; theme_builder_area=&#8221;post_content&#8221;]<\/p>\n<p>Sabemos que a exig\u00eancia por transpar\u00eancia no brasil j\u00e1 se estende desde o ano 2000 com a cria\u00e7\u00e3o da\u00a0<strong>lei de Responsabilidade Fiscal<\/strong>\u00a0(<a role=\"link\" href=\"https:\/\/www.planalto.gov.br\/ccivil_03\/leis\/lcp\/lcp101.htm\" rel=\"noopener noreferrer\" data-saferedirecturl=\"https:\/\/www.google.com\/url?hl=pt-BR&amp;q=https:\/\/www.planalto.gov.br\/ccivil_03\/leis\/lcp\/lcp101.htm&amp;source=gmail&amp;ust=1478230407070000&amp;usg=AFQjCNE9pnGpq0FhmfIlJR_zkepmQ-uNrQ\" data-raofz=\"14\">Lei Complementar n\u00ba 101, de 04 de maio de 2000<\/a>), onde se tornou mais forte com a aprova\u00e7\u00e3o da\u00a0<strong>Lei da Transpar\u00eancia<\/strong>\u00a0(<a role=\"link\" href=\"http:\/\/www.planalto.gov.br\/ccivil_03\/leis\/LCP\/Lcp131.htm\" rel=\"noopener noreferrer\" data-saferedirecturl=\"https:\/\/www.google.com\/url?hl=pt-BR&amp;q=http:\/\/www.planalto.gov.br\/ccivil_03\/leis\/LCP\/Lcp131.htm&amp;source=gmail&amp;ust=1478230407070000&amp;usg=AFQjCNG8oBs3UoWwT6fsWhP05SJLyAmYtQ\" data-raofz=\"14\">Lei Complementar 131, de 27 de maio de 2009<\/a>). tendo seu refor\u00e7o com a\u00a0<strong>lei de Ficha Limpa<\/strong>\u00a0(<a role=\"link\" href=\"https:\/\/www.planalto.gov.br\/ccivil_03\/leis\/lcp\/lcp135.htm\" rel=\"noopener noreferrer\" data-saferedirecturl=\"https:\/\/www.google.com\/url?hl=pt-BR&amp;q=https:\/\/www.planalto.gov.br\/ccivil_03\/leis\/lcp\/lcp135.htm&amp;source=gmail&amp;ust=1478230407070000&amp;usg=AFQjCNGq_rOZpNpiY7XQhV12lu1pwYPu7w\" data-raofz=\"14\">Lei Complementar n\u00ba 135, de 04 de junho de 2010<\/a>) e efetivando a transpar\u00eancia de fato com a\u00a0<strong>Lei de Acesso a Informa\u00e7\u00e3o<\/strong>\u00a0(<a role=\"link\" href=\"https:\/\/www.planalto.gov.br\/ccivil_03\/_ato2011-2014\/2011\/lei\/l12527.htm\" rel=\"noopener noreferrer\" data-saferedirecturl=\"https:\/\/www.google.com\/url?hl=pt-BR&amp;q=https:\/\/www.planalto.gov.br\/ccivil_03\/_ato2011-2014\/2011\/lei\/l12527.htm&amp;source=gmail&amp;ust=1478230407070000&amp;usg=AFQjCNHVmJgKX3zynYJk9g9JIC2cBxUzjg\" data-raofz=\"14\">Lei n\u00ba 12.527, de 18 de novembro de 2011<\/a>).<\/p>\n<p>[\/et_pb_text][\/et_pb_column][et_pb_column type=&#8221;2_5&#8243; _builder_version=&#8221;4.16&#8243; custom_padding=&#8221;|||&#8221; global_colors_info=&#8221;{}&#8221; custom_padding__hover=&#8221;|||&#8221; theme_builder_area=&#8221;post_content&#8221;][et_pb_image src=&#8221;https:\/\/pedrovelho.rn.gov.br\/transparente\/index\/wp-content\/uploads\/2023\/01\/portal-transparencia.png&#8221; _builder_version=&#8221;4.20.4&#8243; vertical_offset_tablet=&#8221;0&#8243; horizontal_offset_tablet=&#8221;0&#8243; z_index_tablet=&#8221;0&#8243; box_shadow_horizontal_tablet=&#8221;0px&#8221; box_shadow_vertical_tablet=&#8221;0px&#8221; box_shadow_blur_tablet=&#8221;40px&#8221; box_shadow_spread_tablet=&#8221;0px&#8221; global_colors_info=&#8221;{}&#8221; theme_builder_area=&#8221;post_content&#8221;][\/et_pb_image][\/et_pb_column][\/et_pb_row][\/et_pb_section][et_pb_section fb_built=&#8221;1&#8243; admin_label=&#8221;TITULO E CORPO&#8221; _builder_version=&#8221;4.20.4&#8243; background_color=&#8221;#0066ff&#8221; vertical_offset_tablet=&#8221;0&#8243; horizontal_offset_tablet=&#8221;0&#8243; box_shadow_horizontal_tablet=&#8221;0px&#8221; box_shadow_vertical_tablet=&#8221;0px&#8221; box_shadow_blur_tablet=&#8221;40px&#8221; box_shadow_spread_tablet=&#8221;0px&#8221; collapsed=&#8221;off&#8221; global_colors_info=&#8221;{}&#8221; theme_builder_area=&#8221;post_content&#8221;][et_pb_row _builder_version=&#8221;4.20.4&#8243; background_color=&#8221;#FFFFFF&#8221; border_width_all=&#8221;20px&#8221; border_color_all=&#8221;RGBA(255,255,255,0)&#8221; global_colors_info=&#8221;{}&#8221; theme_builder_area=&#8221;post_content&#8221;][et_pb_column type=&#8221;4_4&#8243; _builder_version=&#8221;4.16&#8243; global_colors_info=&#8221;{}&#8221; theme_builder_area=&#8221;post_content&#8221;][et_pb_post_title meta=&#8221;off&#8221; featured_image=&#8221;off&#8221; _builder_version=&#8221;4.20.4&#8243; title_font=&#8221;|700||on|||||&#8221; vertical_offset_tablet=&#8221;0&#8243; horizontal_offset_tablet=&#8221;0&#8243; z_index_tablet=&#8221;0&#8243; title_text_shadow_horizontal_length_tablet=&#8221;0px&#8221; title_text_shadow_vertical_length_tablet=&#8221;0px&#8221; title_text_shadow_blur_strength_tablet=&#8221;1px&#8221; meta_text_shadow_horizontal_length_tablet=&#8221;0px&#8221; meta_text_shadow_vertical_length_tablet=&#8221;0px&#8221; meta_text_shadow_blur_strength_tablet=&#8221;1px&#8221; border_color_all=&#8221;#ffffff&#8221; text_shadow_horizontal_length_tablet=&#8221;0px&#8221; text_shadow_vertical_length_tablet=&#8221;0px&#8221; text_shadow_blur_strength_tablet=&#8221;1px&#8221; global_colors_info=&#8221;{}&#8221; theme_builder_area=&#8221;post_content&#8221;][\/et_pb_post_title][et_pb_divider show_divider=&#8221;off&#8221; _builder_version=&#8221;4.16&#8243; global_colors_info=&#8221;{}&#8221; theme_builder_area=&#8221;post_content&#8221;][\/et_pb_divider][et_pb_text _builder_version=&#8221;4.21.0&#8243; _module_preset=&#8221;default&#8221; vertical_offset_tablet=&#8221;0&#8243; horizontal_offset_tablet=&#8221;0&#8243; hover_enabled=&#8221;0&#8243; z_index_tablet=&#8221;0&#8243; text_text_shadow_horizontal_length_tablet=&#8221;0px&#8221; text_text_shadow_vertical_length_tablet=&#8221;0px&#8221; text_text_shadow_blur_strength_tablet=&#8221;1px&#8221; link_text_shadow_horizontal_length_tablet=&#8221;0px&#8221; link_text_shadow_vertical_length_tablet=&#8221;0px&#8221; link_text_shadow_blur_strength_tablet=&#8221;1px&#8221; ul_text_shadow_horizontal_length_tablet=&#8221;0px&#8221; ul_text_shadow_vertical_length_tablet=&#8221;0px&#8221; ul_text_shadow_blur_strength_tablet=&#8221;1px&#8221; ol_text_shadow_horizontal_length_tablet=&#8221;0px&#8221; ol_text_shadow_vertical_length_tablet=&#8221;0px&#8221; ol_text_shadow_blur_strength_tablet=&#8221;1px&#8221; quote_text_shadow_horizontal_length_tablet=&#8221;0px&#8221; quote_text_shadow_vertical_length_tablet=&#8221;0px&#8221; quote_text_shadow_blur_strength_tablet=&#8221;1px&#8221; header_text_shadow_horizontal_length_tablet=&#8221;0px&#8221; header_text_shadow_vertical_length_tablet=&#8221;0px&#8221; header_text_shadow_blur_strength_tablet=&#8221;1px&#8221; header_2_text_shadow_horizontal_length_tablet=&#8221;0px&#8221; header_2_text_shadow_vertical_length_tablet=&#8221;0px&#8221; header_2_text_shadow_blur_strength_tablet=&#8221;1px&#8221; header_3_text_shadow_horizontal_length_tablet=&#8221;0px&#8221; header_3_text_shadow_vertical_length_tablet=&#8221;0px&#8221; header_3_text_shadow_blur_strength_tablet=&#8221;1px&#8221; header_4_text_shadow_horizontal_length_tablet=&#8221;0px&#8221; header_4_text_shadow_vertical_length_tablet=&#8221;0px&#8221; header_4_text_shadow_blur_strength_tablet=&#8221;1px&#8221; header_5_text_shadow_horizontal_length_tablet=&#8221;0px&#8221; header_5_text_shadow_vertical_length_tablet=&#8221;0px&#8221; header_5_text_shadow_blur_strength_tablet=&#8221;1px&#8221; header_6_text_shadow_horizontal_length_tablet=&#8221;0px&#8221; header_6_text_shadow_vertical_length_tablet=&#8221;0px&#8221; header_6_text_shadow_blur_strength_tablet=&#8221;1px&#8221; box_shadow_horizontal_tablet=&#8221;0px&#8221; box_shadow_vertical_tablet=&#8221;0px&#8221; box_shadow_blur_tablet=&#8221;40px&#8221; box_shadow_spread_tablet=&#8221;0px&#8221; global_colors_info=&#8221;{}&#8221; theme_builder_area=&#8221;post_content&#8221; sticky_enabled=&#8221;0&#8243;]<\/p>\n<h1 style=\"text-align: center;\">Consultar \u00e0 LAI<\/h1>\n<p>&nbsp;<\/p>\n<hr \/>\n<header class=\"entry-header\">\u00a0<\/header>\n<div class=\"entry-content\">\n<p>Prev\u00ea a\u00a0<a href=\"http:\/\/www.planalto.gov.br\/ccivil_03\/_Ato2011-2014\/2011\/Lei\/L12527.htm\" target=\"_blank\" rel=\"noopener noreferrer\">Lei<\/a>\u00a0que os \u00f3rg\u00e3os e entidades p\u00fablicas est\u00e3o obrigados a disponibilizar em portal da internet diversas informa\u00e7\u00f5es de interesse p\u00fablico, permitindo, ainda, que dados espec\u00edficos sejam disponibilizados mediante requerimento espec\u00edfico.<\/p>\n<p>Esta lei concretiza diversas normas de natureza constitucional e administrativa, dentre os quais destacamos:<\/p>\n<p>a) Direito \u00e0 Informa\u00e7\u00e3o \u2013 O artigo 5\u00ba, XXXIII, da Constitui\u00e7\u00e3o Fede\u00adral, estabelece que todos t\u00eam direito a receber dos \u00f3rg\u00e3os p\u00fablicos informa\u00e7\u00f5es de seu interesse particular, ou de interesse coletivo ou geral, que ser\u00e3o prestadas no prazo da lei, sob pena de responsabilidade, ressalvadas aquelas cujo sigilo seja indispens\u00e1vel a seguran\u00e7a da sociedade e do Estado.<br \/>b) Princ\u00edpio da Indisponibilidade do interesse p\u00fablico \u2013 De acordo com este princ\u00edpio, n\u00e3o \u00e9 o indiv\u00edduo em si o destinat\u00e1rio da atividade administrativa, mas sim o grupo social como um todo. Sendo o povo o fim da atividade p\u00fablica, nada mais razo\u00e1vel do que permitir a este o acesso \u00e0s informa\u00e7\u00f5es relativas ao trato da coisa p\u00fablica.<br \/>c) Princ\u00edpio da Publicidade \u2013 Este princ\u00edpio decorre da indisponibilidade do interesse p\u00fablico e tem por finalidade tornar poss\u00edvel, da forma mais ampla poss\u00edvel, o controle da Administra\u00e7\u00e3o P\u00fablica pelos administrados.<br \/>d) Princ\u00edpio Republicano \u2013 Todas as autoridades que exercem parcela da soberania estatal devem ser responsabilizadas. Deve haver instrumentos de combate \u00e0 impunidade.<\/p>\n<p>Da mesma forma, a Lei se coaduna com diversas conven\u00e7\u00f5es e tratados internacionais assinados pelo Brasil. A t\u00edtulo de exemplo, temos a Declara\u00e7\u00e3o Universal dos Direitos Humanos ( art. 19 ), a Declara\u00e7\u00e3o Interamericana de Liberdade de Express\u00e3o ( item 4 ), a Conven\u00e7\u00e3o das Na\u00e7\u00f5es Unidas Contra a Corrup\u00e7\u00e3o ( artigos 10 e 13 ) e o Pacto Internacional de Direitos Civis e Pol\u00edticos ( art.19 ).<\/p>\n<p><a href=\"http:\/\/www.planalto.gov.br\/ccivil_03\/_Ato2011-2014\/2011\/Lei\/L12527.htm\" target=\"_blank\" rel=\"noopener noreferrer\">Lei n\u00ba 12.527 da Presid\u00eancia da Rep\u00fablica de 18 de novembro de 2011.<\/a><br \/><a href=\"http:\/\/www.planalto.gov.br\/ccivil_03\/_ato2011-2014\/2012\/Decreto\/D7724.htm\" target=\"_blank\" rel=\"noopener noreferrer\">Decreto Federal n\u00ba 7.724 de 16 de maio de 2012.<\/a><br \/>Decreto Municipal N\u00ba Xxx de 16 de Abril de 2018 \u2013 Regulamenta\u00e7\u00e3o da Lei de Acesso.<br \/>Decreto Municipal N\u00ba Xxx de 16 de Abril de 2018 \u2013 Regulamenta\u00e7\u00e3o do e-SIC.<\/p>\n<\/div>\n<p>&nbsp;<\/p>\n<p>&nbsp;<\/p>\n<p>&nbsp;<\/p>\n<p>&nbsp;<\/p>\n<p>&nbsp;<\/p>\n<p>&nbsp;<\/p>\n<p>&nbsp;<\/p>\n<p>.<\/p>\n<div class=\"entry-content\">\u00a0<\/div>\n<p>&nbsp;<\/p>\n<p>&nbsp;<\/p>\n<p>&nbsp;<\/p>\n<p>&nbsp;<\/p>\n<p>&nbsp;<\/p>\n<p>&nbsp;<\/p>\n<p>&nbsp;<\/p>\n<p>&nbsp;<\/p>\n<p>&nbsp;<\/p>\n<p>&nbsp;<\/p>\n<p>&nbsp;<\/p>\n<p>&nbsp;<\/p>\n<p>&nbsp;<\/p>\n<p>&nbsp;<\/p>\n<p>&nbsp;<\/p>\n<p>&nbsp;<\/p>\n<p>&nbsp;<\/p>\n<p>&nbsp;<\/p>\n<p>&nbsp;<\/p>\n<p>&nbsp;<\/p>\n<p>&nbsp;<\/p>\n<p>&nbsp;<\/p>\n<p>&nbsp;<\/p>\n<p>&nbsp;<\/p>\n<p>&nbsp;<\/p>\n<p>&nbsp;<\/p>\n<p>&nbsp;<\/p>\n<p>&nbsp;<\/p>\n<p>&nbsp;<\/p>\n<p>&nbsp;<\/p>\n<p>&nbsp;<\/p>\n<p>&nbsp;<\/p>\n<p>&nbsp;<\/p>\n<p>&nbsp;<\/p>\n<p>&nbsp;<\/p>\n<p>&nbsp;<\/p>\n<p>&nbsp;<\/p>\n<p>&nbsp;<\/p>\n<p>&nbsp;<\/p>\n<p>&nbsp;<\/p>\n<p>&nbsp;<\/p>\n<p>&nbsp;<\/p>\n<p>&nbsp;<\/p>\n<p>&nbsp;<\/p>\n<p>&nbsp;<\/p>\n<p>&nbsp;<\/p>\n<p>&nbsp;<\/p>\n<p>&nbsp;<\/p>\n<p>.<\/p>\n<p>[\/et_pb_text][\/et_pb_column][\/et_pb_row][\/et_pb_section]<\/p>\n<div style=\"margin: 20px 0;\"><div class=\"qrcswholewtapper\" style=\"text-align:left;\"><div class=\"qrcprowrapper\"  id=\"qrcwraa2leds\"><div class=\"qrc_canvass\" id=\"qrc_cuttenpages_2\" style=\"display:inline-block\" data-text=\"https:\/\/pedrovelho.rn.gov.br\/transparente\/index\/acesso-a-informacao\/consultar-a-lai\/\"><\/div><\/div><\/div><\/div>","protected":false},"excerpt":{"rendered":"<p>Sabemos que a exig\u00eancia por transpar\u00eancia no brasil j\u00e1 se estende desde o ano 2000 com a cria\u00e7\u00e3o da\u00a0lei de Responsabilidade Fiscal\u00a0(Lei Complementar n\u00ba 101, de 04 de maio de 2000), onde se tornou mais forte com a aprova\u00e7\u00e3o da\u00a0Lei da Transpar\u00eancia\u00a0(Lei Complementar 131, de 27 de maio de 2009). tendo seu refor\u00e7o com a\u00a0lei [&hellip;]<\/p>\n","protected":false},"author":1,"featured_media":0,"parent":6516,"menu_order":0,"comment_status":"closed","ping_status":"closed","template":"","meta":{"_et_pb_use_builder":"on","_et_pb_old_content":"<h1 style=\"text-align: center;\">Consultar \u00e0 LAI<\/h1><p>\u00a0<\/p><hr \/><header class=\"entry-header\">\u00a0<\/header><div class=\"entry-content\"><p>Prev\u00ea a\u00a0<a href=\"http:\/\/www.planalto.gov.br\/ccivil_03\/_Ato2011-2014\/2011\/Lei\/L12527.htm\" target=\"_blank\" rel=\"noopener noreferrer\">Lei<\/a>\u00a0que os \u00f3rg\u00e3os e entidades p\u00fablicas est\u00e3o obrigados a disponibilizar em portal da internet diversas informa\u00e7\u00f5es de interesse p\u00fablico, permitindo, ainda, que dados espec\u00edficos sejam disponibilizados mediante requerimento espec\u00edfico.<\/p><p>Esta lei concretiza diversas normas de natureza constitucional e administrativa, dentre os quais destacamos:<\/p><p>a) Direito \u00e0 Informa\u00e7\u00e3o \u2013 O artigo 5\u00ba, XXXIII, da Constitui\u00e7\u00e3o Fede\u00adral, estabelece que todos t\u00eam direito a receber dos \u00f3rg\u00e3os p\u00fablicos informa\u00e7\u00f5es de seu interesse particular, ou de interesse coletivo ou geral, que ser\u00e3o prestadas no prazo da lei, sob pena de responsabilidade, ressalvadas aquelas cujo sigilo seja indispens\u00e1vel a seguran\u00e7a da sociedade e do Estado.<br \/>b) Princ\u00edpio da Indisponibilidade do interesse p\u00fablico \u2013 De acordo com este princ\u00edpio, n\u00e3o \u00e9 o indiv\u00edduo em si o destinat\u00e1rio da atividade administrativa, mas sim o grupo social como um todo. Sendo o povo o fim da atividade p\u00fablica, nada mais razo\u00e1vel do que permitir a este o acesso \u00e0s informa\u00e7\u00f5es relativas ao trato da coisa p\u00fablica.<br \/>c) Princ\u00edpio da Publicidade \u2013 Este princ\u00edpio decorre da indisponibilidade do interesse p\u00fablico e tem por finalidade tornar poss\u00edvel, da forma mais ampla poss\u00edvel, o controle da Administra\u00e7\u00e3o P\u00fablica pelos administrados.<br \/>d) Princ\u00edpio Republicano \u2013 Todas as autoridades que exercem parcela da soberania estatal devem ser responsabilizadas. Deve haver instrumentos de combate \u00e0 impunidade.<\/p><p>Da mesma forma, a Lei se coaduna com diversas conven\u00e7\u00f5es e tratados internacionais assinados pelo Brasil. A t\u00edtulo de exemplo, temos a Declara\u00e7\u00e3o Universal dos Direitos Humanos ( art. 19 ), a Declara\u00e7\u00e3o Interamericana de Liberdade de Express\u00e3o ( item 4 ), a Conven\u00e7\u00e3o das Na\u00e7\u00f5es Unidas Contra a Corrup\u00e7\u00e3o ( artigos 10 e 13 ) e o Pacto Internacional de Direitos Civis e Pol\u00edticos ( art.19 ).<\/p><p><a href=\"http:\/\/www.planalto.gov.br\/ccivil_03\/_Ato2011-2014\/2011\/Lei\/L12527.htm\" target=\"_blank\" rel=\"noopener noreferrer\">Lei n\u00ba 12.527 da Presid\u00eancia da Rep\u00fablica de 18 de novembro de 2011.<\/a><br \/><a href=\"http:\/\/www.planalto.gov.br\/ccivil_03\/_ato2011-2014\/2012\/Decreto\/D7724.htm\" target=\"_blank\" rel=\"noopener noreferrer\">Decreto Federal n\u00ba 7.724 de 16 de maio de 2012.<\/a><br \/>Decreto Municipal N\u00ba Xxx de 16 de Abril de 2018 \u2013 Regulamenta\u00e7\u00e3o da Lei de Acesso.<br \/>Decreto Municipal N\u00ba Xxx de 16 de Abril de 2018 \u2013 Regulamenta\u00e7\u00e3o do e-SIC.<\/p><\/div>","_et_gb_content_width":"","footnotes":""},"class_list":["post-6258","page","type-page","status-publish","hentry"],"_links":{"self":[{"href":"https:\/\/pedrovelho.rn.gov.br\/transparente\/index\/wp-json\/wp\/v2\/pages\/6258","targetHints":{"allow":["GET"]}}],"collection":[{"href":"https:\/\/pedrovelho.rn.gov.br\/transparente\/index\/wp-json\/wp\/v2\/pages"}],"about":[{"href":"https:\/\/pedrovelho.rn.gov.br\/transparente\/index\/wp-json\/wp\/v2\/types\/page"}],"author":[{"embeddable":true,"href":"https:\/\/pedrovelho.rn.gov.br\/transparente\/index\/wp-json\/wp\/v2\/users\/1"}],"replies":[{"embeddable":true,"href":"https:\/\/pedrovelho.rn.gov.br\/transparente\/index\/wp-json\/wp\/v2\/comments?post=6258"}],"version-history":[{"count":7,"href":"https:\/\/pedrovelho.rn.gov.br\/transparente\/index\/wp-json\/wp\/v2\/pages\/6258\/revisions"}],"predecessor-version":[{"id":29669,"href":"https:\/\/pedrovelho.rn.gov.br\/transparente\/index\/wp-json\/wp\/v2\/pages\/6258\/revisions\/29669"}],"up":[{"embeddable":true,"href":"https:\/\/pedrovelho.rn.gov.br\/transparente\/index\/wp-json\/wp\/v2\/pages\/6516"}],"wp:attachment":[{"href":"https:\/\/pedrovelho.rn.gov.br\/transparente\/index\/wp-json\/wp\/v2\/media?parent=6258"}],"curies":[{"name":"wp","href":"https:\/\/api.w.org\/{rel}","templated":true}]}}