{"id":6595,"date":"2019-01-28T19:31:57","date_gmt":"2019-01-28T19:31:57","guid":{"rendered":"https:\/\/portais.tiew.com.br\/prefeitura\/01\/transparente\/index\/?page_id=6595"},"modified":"2021-02-02T19:09:52","modified_gmt":"2021-02-02T19:09:52","slug":"slide-cidadao","status":"publish","type":"page","link":"https:\/\/pedrovelho.rn.gov.br\/transparente\/index\/slide-cidadao\/","title":{"rendered":"Slide Cidad\u00e3o"},"content":{"rendered":"<p>[et_pb_section fb_built=&#8221;1&#8243; _builder_version=&#8221;3.22&#8243;][et_pb_row _builder_version=&#8221;3.26.3&#8243; max_height=&#8221;500px&#8221;][et_pb_column type=&#8221;4_4&#8243; _builder_version=&#8221;3.26.3&#8243;][et_pb_slider _builder_version=&#8221;3.26.3&#8243; border_radii=&#8221;on|10px|10px|10px|10px&#8221; border_width_all=&#8221;10px&#8221; border_color_all=&#8221;#ffffff&#8221; box_shadow_style=&#8221;preset1&#8243;][et_pb_slide _builder_version=&#8221;3.26.3&#8243; background_image=&#8221;https:\/\/pedrovelho.rn.gov.br\/transparente\/index\/wp-content\/uploads\/2020\/07\/Site-Praca-Claudino-Martins.png&#8221; background_enable_image=&#8221;on&#8221;][\/et_pb_slide][et_pb_slide _builder_version=&#8221;3.26.3&#8243; background_image=&#8221;https:\/\/pedrovelho.rn.gov.br\/transparente\/index\/wp-content\/uploads\/2020\/07\/WhatsApp-Image-2020-03-13-at-15.55.36.jpeg&#8221; background_enable_image=&#8221;on&#8221;][\/et_pb_slide][\/et_pb_slider][\/et_pb_column][\/et_pb_row][et_pb_row _builder_version=&#8221;3.25&#8243; background_size=&#8221;initial&#8221; background_position=&#8221;top_left&#8221; background_repeat=&#8221;repeat&#8221;][et_pb_column type=&#8221;4_4&#8243; _builder_version=&#8221;3.25&#8243; custom_padding=&#8221;|||&#8221; custom_padding__hover=&#8221;|||&#8221;][et_pb_text _builder_version=&#8221;3.26.3&#8243; background_size=&#8221;initial&#8221; background_position=&#8221;top_left&#8221; background_repeat=&#8221;repeat&#8221; border_radii=&#8221;on|10px|10px|10px|10px&#8221; border_width_all=&#8221;10px&#8221; border_color_all=&#8221;#ffffff&#8221; box_shadow_style=&#8221;preset1&#8243;]&nbsp;<\/p>\n<h4><strong><em>\u00c9 uma plataforma que oferece diversas informa\u00e7\u00f5es \u00fateis ao cidad\u00e3o, tais como: Bolsa fam\u00edlia, Secretaria de educa\u00e7\u00e3o e sa\u00fade, Caern, Cosern, N\u00fameros de emerg\u00eancia \u00a0al\u00e9m de certid\u00f5es de pessoa f\u00edsica.<\/em><\/strong><\/h4>\n<p>&nbsp;<br \/>\n[\/et_pb_text][\/et_pb_column][\/et_pb_row][et_pb_row _builder_version=&#8221;3.26.3&#8243;][et_pb_column type=&#8221;4_4&#8243; _builder_version=&#8221;3.26.3&#8243;][\/et_pb_column][\/et_pb_row][\/et_pb_section]<\/p>\n<div style=\"margin: 20px 0;\"><div class=\"qrcswholewtapper\" style=\"text-align:left;\"><div class=\"qrcprowrapper\"  id=\"qrcwraa2leds\"><div class=\"qrc_canvass\" id=\"qrc_cuttenpages_2\" style=\"display:inline-block\" data-text=\"https:\/\/pedrovelho.rn.gov.br\/transparente\/index\/slide-cidadao\/\"><\/div><\/div><\/div><\/div>","protected":false},"excerpt":{"rendered":"<p>&nbsp; \u00c9 uma plataforma que oferece diversas informa\u00e7\u00f5es \u00fateis ao cidad\u00e3o, tais como: Bolsa fam\u00edlia, Secretaria de educa\u00e7\u00e3o e sa\u00fade, Caern, Cosern, N\u00fameros de emerg\u00eancia \u00a0al\u00e9m de certid\u00f5es de pessoa f\u00edsica. &nbsp;<\/p>\n","protected":false},"author":1,"featured_media":0,"parent":0,"menu_order":0,"comment_status":"closed","ping_status":"closed","template":"","meta":{"_et_pb_use_builder":"on","_et_pb_old_content":"<p>\u00a0<\/p><h4><strong><em>\u00c9 uma plataforma que oferece diversas informa\u00e7\u00f5es \u00fateis ao cidad\u00e3o, tais como: Bolsa fam\u00edlia, Secretaria de educa\u00e7\u00e3o e sa\u00fade, Caern, Cosern, N\u00fameros de emerg\u00eancia \u00a0al\u00e9m de certid\u00f5es de pessoa f\u00edsica.<\/em><\/strong><\/h4><p>\u00a0<\/p>","_et_gb_content_width":"","footnotes":""},"class_list":["post-6595","page","type-page","status-publish","hentry"],"_links":{"self":[{"href":"https:\/\/pedrovelho.rn.gov.br\/transparente\/index\/wp-json\/wp\/v2\/pages\/6595","targetHints":{"allow":["GET"]}}],"collection":[{"href":"https:\/\/pedrovelho.rn.gov.br\/transparente\/index\/wp-json\/wp\/v2\/pages"}],"about":[{"href":"https:\/\/pedrovelho.rn.gov.br\/transparente\/index\/wp-json\/wp\/v2\/types\/page"}],"author":[{"embeddable":true,"href":"https:\/\/pedrovelho.rn.gov.br\/transparente\/index\/wp-json\/wp\/v2\/users\/1"}],"replies":[{"embeddable":true,"href":"https:\/\/pedrovelho.rn.gov.br\/transparente\/index\/wp-json\/wp\/v2\/comments?post=6595"}],"version-history":[{"count":7,"href":"https:\/\/pedrovelho.rn.gov.br\/transparente\/index\/wp-json\/wp\/v2\/pages\/6595\/revisions"}],"predecessor-version":[{"id":10485,"href":"https:\/\/pedrovelho.rn.gov.br\/transparente\/index\/wp-json\/wp\/v2\/pages\/6595\/revisions\/10485"}],"wp:attachment":[{"href":"https:\/\/pedrovelho.rn.gov.br\/transparente\/index\/wp-json\/wp\/v2\/media?parent=6595"}],"curies":[{"name":"wp","href":"https:\/\/api.w.org\/{rel}","templated":true}]}}